{"id":1161,"date":"2024-08-30T12:28:32","date_gmt":"2024-08-30T12:28:32","guid":{"rendered":"https:\/\/stv.ee\/ariklient\/?page_id=1161"},"modified":"2025-02-20T14:27:51","modified_gmt":"2025-02-20T14:27:51","slug":"telefoniteenuse-tingimused","status":"publish","type":"page","link":"https:\/\/stv.ee\/ariklient\/telefon\/telefoniteenuse-tingimused\/","title":{"rendered":"Telefoniteenuse tingimused"},"content":{"rendered":"\n<h3 class=\"wp-block-heading\" id=\"h-tootetingimused-stv-004-toote-nimetus-telefoniteenus\"><strong>TOOTETINGIMUSED STV-004<\/strong><br><br><strong>Toote nimetus: Telefoniteenus<\/strong><\/h3>\n\n\n\n<p><strong>1. Teenuse kirjeldus<\/strong><br>1.1. Telefoniteenusega antakse kliendi kasutusse abonentnumber ja juurdep\u00e4\u00e4su alus\u00fchenduse ja\/v\u00f5i Interneti \u00fchenduse kaudu telefonik\u00f5nede tegemiseks PSTN v\u00f5i VOIP telefoniseadme abil.<\/p>\n\n\n\n<p>1.2. Klient saab valida teenuse soobivat paketi tutvudes selle sisu ja hinnaga&nbsp;<a href=\"https:\/\/stv.ee\/ariklient\/telefon\/\" target=\"_blank\" rel=\"noreferrer noopener\">STV kodulehel<\/a>.<\/p>\n\n\n\n<p>1.3. Teenuse kasutamiseks vajatakse STV alus\u00fchendust v\u00f5i Interneti \u00fchendust.<\/p>\n\n\n\n<p>1.4. Teenusega saab liituda \u00fcle kogu Eesti.<\/p>\n\n\n\n<p><strong>2. Teenuse parameetrid<\/strong><\/p>\n\n\n\n<p>2.1. Minimaalne interneti\u00fchenduse kiirus teenuse funktsionaalsuse tagamiseks VOIP-tehnoloogia kaudu: 5 Mbit\/s.<\/p>\n\n\n\n<p><strong>3. Eritingimused<\/strong><\/p>\n\n\n\n<p>3.1. Teenuse saadavus ja kvaliteet s\u00f5ltuvad muuhulgas Interneti toimimisest, aga ka kliendi interneti\u00fchenduse parameetritest ja koormusest. Seet\u00f5ttu ei vastuta STV teenuse pideva k\u00e4ttesaadavuse ja kvaliteedi eest.<\/p>\n\n\n\n<p>3.2. S\u00f5ltumata \u00fchenduse t\u00fc\u00fcbist, mille kaudu teenust osutatakse, \u00fchenduse loomise t\u00f5en\u00e4osus on v\u00e4hemalt 95%.<\/p>\n\n\n\n<p><strong>4. Teenuse eest tasumine\u00a0<\/strong><\/p>\n\n\n\n<p>4.1. STV telefoniteenuse eest tasumisele kuuluv igakuine tasu s\u00f5ltub valitud paketist. Teenusega seotud lisatasud on esitatud STV hinnakirjas. STV teenuste eest tasumise tingimused on avaldatud STV kodulehel jaotises\u00a0<a href=\"https:\/\/stv.ee\/ariklient\/abi\/artiklid\/as-stv-isikuandmete-tootlemise-tingimused\/\" target=\"_blank\" rel=\"noreferrer noopener\">\u201eAS STV \u00dcldtingimused\u201c<\/a>. Tasu arvestamine algab STV telefoniteenuse aktiveerimise p\u00e4evast.\u00a0<\/p>\n\n\n\n<p><strong>5. M\u00f5isted<\/strong><\/p>\n\n\n\n<p>5.1. PSTN telefoniseade on traditsiooniline k\u00f5netelefon, mis \u00fchendub \u00fcldkasutatava kommuteeritud telefoniv\u00f5rguga (PSTN) ja toetab toonvalimist (DTMF).<\/p>\n\n\n\n<p>5.2. VOIP telefoniseade on k\u00f5netelefon, mis \u00fchendatakse IP-telefonis\u00fcsteemiga kohtv\u00f5rgu (LAN) v\u00f5i Interneti kaudu.<\/p>\n\n\n\n<p>5.3. SIP-konto on kasutajakonto h\u00e4\u00e4lk\u00f5nede tegemiseks VOIP telefoniseadme kaudu.<\/p>\n","protected":false},"excerpt":{"rendered":"<p>TOOTETINGIMUSED STV-004 Toote nimetus: Telefoniteenus 1. Teenuse kirjeldus1.1. Telefoniteenusega antakse kliendi kasutusse abonentnumber ja juurdep\u00e4\u00e4su alus\u00fchenduse ja\/v\u00f5i Interneti \u00fchenduse kaudu telefonik\u00f5nede tegemiseks PSTN v\u00f5i VOIP telefoniseadme abil. 1.2. Klient saab valida teenuse soobivat paketi tutvudes selle sisu ja hinnaga&nbsp;STV kodulehel. 1.3. Teenuse kasutamiseks vajatakse STV alus\u00fchendust v\u00f5i Interneti \u00fchendust. 1.4. Teenusega saab liituda \u00fcle kogu [&hellip;]<\/p>\n","protected":false},"author":6,"featured_media":0,"parent":492,"menu_order":0,"comment_status":"closed","ping_status":"closed","template":"","meta":{"_acf_changed":false,"_mi_skip_tracking":false,"_monsterinsights_sitenote_active":false,"_monsterinsights_sitenote_note":"","_monsterinsights_sitenote_category":0,"footnotes":""},"class_list":["post-1161","page","type-page","status-publish","hentry"],"acf":[],"yoast_head":"<!-- This site is optimized with the Yoast SEO Premium plugin v26.8 (Yoast SEO v27.2) - https:\/\/yoast.com\/product\/yoast-seo-premium-wordpress\/ -->\n<title>Telefoniteenuse tingimused - \u00c4riklient<\/title>\n<meta name=\"robots\" content=\"index, follow, max-snippet:-1, max-image-preview:large, max-video-preview:-1\" \/>\n<link rel=\"canonical\" href=\"https:\/\/stv.ee\/ariklient\/telefon\/telefoniteenuse-tingimused\/\" \/>\n<meta property=\"og:locale\" content=\"et_EE\" \/>\n<meta property=\"og:type\" content=\"article\" \/>\n<meta property=\"og:title\" content=\"Telefoniteenuse tingimused - \u00c4riklient\" \/>\n<meta property=\"og:description\" content=\"TOOTETINGIMUSED STV-004 Toote nimetus: Telefoniteenus 1. Teenuse kirjeldus1.1. Telefoniteenusega antakse kliendi kasutusse abonentnumber ja juurdep\u00e4\u00e4su alus\u00fchenduse ja\/v\u00f5i Interneti \u00fchenduse kaudu telefonik\u00f5nede tegemiseks PSTN v\u00f5i VOIP telefoniseadme abil. 1.2. Klient saab valida teenuse soobivat paketi tutvudes selle sisu ja hinnaga&nbsp;STV kodulehel. 1.3. Teenuse kasutamiseks vajatakse STV alus\u00fchendust v\u00f5i Interneti \u00fchendust. 1.4. Teenusega saab liituda \u00fcle kogu [&hellip;]\" \/>\n<meta property=\"og:url\" content=\"https:\/\/stv.ee\/ariklient\/telefon\/telefoniteenuse-tingimused\/\" \/>\n<meta property=\"og:site_name\" content=\"\u00c4riklient\" \/>\n<meta property=\"article:modified_time\" content=\"2025-02-20T14:27:51+00:00\" \/>\n<meta name=\"twitter:card\" content=\"summary_large_image\" \/>\n<meta name=\"twitter:label1\" content=\"Est. reading time\" \/>\n\t<meta name=\"twitter:data1\" content=\"2 minutit\" \/>\n<script type=\"application\/ld+json\" class=\"yoast-schema-graph\">{\"@context\":\"https:\/\/schema.org\",\"@graph\":[{\"@type\":\"WebPage\",\"@id\":\"https:\/\/stv.ee\/ariklient\/telefon\/telefoniteenuse-tingimused\/\",\"url\":\"https:\/\/stv.ee\/ariklient\/telefon\/telefoniteenuse-tingimused\/\",\"name\":\"Telefoniteenuse tingimused - \u00c4riklient\",\"isPartOf\":{\"@id\":\"https:\/\/stv.ee\/ariklient\/#website\"},\"datePublished\":\"2024-08-30T12:28:32+00:00\",\"dateModified\":\"2025-02-20T14:27:51+00:00\",\"breadcrumb\":{\"@id\":\"https:\/\/stv.ee\/ariklient\/telefon\/telefoniteenuse-tingimused\/#breadcrumb\"},\"inLanguage\":\"et\",\"potentialAction\":[{\"@type\":\"ReadAction\",\"target\":[\"https:\/\/stv.ee\/ariklient\/telefon\/telefoniteenuse-tingimused\/\"]}]},{\"@type\":\"BreadcrumbList\",\"@id\":\"https:\/\/stv.ee\/ariklient\/telefon\/telefoniteenuse-tingimused\/#breadcrumb\",\"itemListElement\":[{\"@type\":\"ListItem\",\"position\":1,\"name\":\"Telefon\",\"item\":\"https:\/\/stv.ee\/ariklient\/telefon\/\"},{\"@type\":\"ListItem\",\"position\":2,\"name\":\"Telefoniteenuse tingimused\"}]},{\"@type\":\"WebSite\",\"@id\":\"https:\/\/stv.ee\/ariklient\/#website\",\"url\":\"https:\/\/stv.ee\/ariklient\/\",\"name\":\"\u00c4riklient\",\"description\":\"\",\"potentialAction\":[{\"@type\":\"SearchAction\",\"target\":{\"@type\":\"EntryPoint\",\"urlTemplate\":\"https:\/\/stv.ee\/ariklient\/?s={search_term_string}\"},\"query-input\":{\"@type\":\"PropertyValueSpecification\",\"valueRequired\":true,\"valueName\":\"search_term_string\"}}],\"inLanguage\":\"et\"}]}<\/script>\n<!-- \/ Yoast SEO Premium plugin. -->","yoast_head_json":{"title":"Telefoniteenuse tingimused - \u00c4riklient","robots":{"index":"index","follow":"follow","max-snippet":"max-snippet:-1","max-image-preview":"max-image-preview:large","max-video-preview":"max-video-preview:-1"},"canonical":"https:\/\/stv.ee\/ariklient\/telefon\/telefoniteenuse-tingimused\/","og_locale":"et_EE","og_type":"article","og_title":"Telefoniteenuse tingimused - \u00c4riklient","og_description":"TOOTETINGIMUSED STV-004 Toote nimetus: Telefoniteenus 1. Teenuse kirjeldus1.1. Telefoniteenusega antakse kliendi kasutusse abonentnumber ja juurdep\u00e4\u00e4su alus\u00fchenduse ja\/v\u00f5i Interneti \u00fchenduse kaudu telefonik\u00f5nede tegemiseks PSTN v\u00f5i VOIP telefoniseadme abil. 1.2. Klient saab valida teenuse soobivat paketi tutvudes selle sisu ja hinnaga&nbsp;STV kodulehel. 1.3. Teenuse kasutamiseks vajatakse STV alus\u00fchendust v\u00f5i Interneti \u00fchendust. 1.4. Teenusega saab liituda \u00fcle kogu [&hellip;]","og_url":"https:\/\/stv.ee\/ariklient\/telefon\/telefoniteenuse-tingimused\/","og_site_name":"\u00c4riklient","article_modified_time":"2025-02-20T14:27:51+00:00","twitter_card":"summary_large_image","twitter_misc":{"Est. reading time":"2 minutit"},"schema":{"@context":"https:\/\/schema.org","@graph":[{"@type":"WebPage","@id":"https:\/\/stv.ee\/ariklient\/telefon\/telefoniteenuse-tingimused\/","url":"https:\/\/stv.ee\/ariklient\/telefon\/telefoniteenuse-tingimused\/","name":"Telefoniteenuse tingimused - \u00c4riklient","isPartOf":{"@id":"https:\/\/stv.ee\/ariklient\/#website"},"datePublished":"2024-08-30T12:28:32+00:00","dateModified":"2025-02-20T14:27:51+00:00","breadcrumb":{"@id":"https:\/\/stv.ee\/ariklient\/telefon\/telefoniteenuse-tingimused\/#breadcrumb"},"inLanguage":"et","potentialAction":[{"@type":"ReadAction","target":["https:\/\/stv.ee\/ariklient\/telefon\/telefoniteenuse-tingimused\/"]}]},{"@type":"BreadcrumbList","@id":"https:\/\/stv.ee\/ariklient\/telefon\/telefoniteenuse-tingimused\/#breadcrumb","itemListElement":[{"@type":"ListItem","position":1,"name":"Telefon","item":"https:\/\/stv.ee\/ariklient\/telefon\/"},{"@type":"ListItem","position":2,"name":"Telefoniteenuse tingimused"}]},{"@type":"WebSite","@id":"https:\/\/stv.ee\/ariklient\/#website","url":"https:\/\/stv.ee\/ariklient\/","name":"\u00c4riklient","description":"","potentialAction":[{"@type":"SearchAction","target":{"@type":"EntryPoint","urlTemplate":"https:\/\/stv.ee\/ariklient\/?s={search_term_string}"},"query-input":{"@type":"PropertyValueSpecification","valueRequired":true,"valueName":"search_term_string"}}],"inLanguage":"et"}]}},"_links":{"self":[{"href":"https:\/\/stv.ee\/ariklient\/wp-json\/wp\/v2\/pages\/1161","targetHints":{"allow":["GET"]}}],"collection":[{"href":"https:\/\/stv.ee\/ariklient\/wp-json\/wp\/v2\/pages"}],"about":[{"href":"https:\/\/stv.ee\/ariklient\/wp-json\/wp\/v2\/types\/page"}],"author":[{"embeddable":true,"href":"https:\/\/stv.ee\/ariklient\/wp-json\/wp\/v2\/users\/6"}],"replies":[{"embeddable":true,"href":"https:\/\/stv.ee\/ariklient\/wp-json\/wp\/v2\/comments?post=1161"}],"version-history":[{"count":5,"href":"https:\/\/stv.ee\/ariklient\/wp-json\/wp\/v2\/pages\/1161\/revisions"}],"predecessor-version":[{"id":1605,"href":"https:\/\/stv.ee\/ariklient\/wp-json\/wp\/v2\/pages\/1161\/revisions\/1605"}],"up":[{"embeddable":true,"href":"https:\/\/stv.ee\/ariklient\/wp-json\/wp\/v2\/pages\/492"}],"wp:attachment":[{"href":"https:\/\/stv.ee\/ariklient\/wp-json\/wp\/v2\/media?parent=1161"}],"curies":[{"name":"wp","href":"https:\/\/api.w.org\/{rel}","templated":true}]}}