{"id":2106,"date":"2025-09-11T10:07:54","date_gmt":"2025-09-11T08:07:54","guid":{"rendered":"https:\/\/stv.ee\/ariklient\/?page_id=2106"},"modified":"2026-05-05T14:38:24","modified_gmt":"2026-05-05T12:38:24","slug":"teenustase-sla","status":"publish","type":"page","link":"https:\/\/stv.ee\/ariklient\/teenustase-sla\/","title":{"rendered":"Teenustase SLA"},"content":{"rendered":"\n<p><strong>Interneti paketiga liitudes saate valida endale sobiva teenustaseme (SLA).<\/strong><\/p>\n\n\n\n<p>Teie valik v\u00f5imaldab kiiremat ja prioriteetset teenindust.<\/p>\n\n\n\n<p>S\u00f5ltuvalt valitud paketist saate m\u00e4\u00e4rata sobiva SLA taseme:<\/p>\n\n\n\n<figure class=\"wp-block-table is-style-stripes\"><table class=\"has-fixed-layout\"><tbody><tr><td class=\"has-text-align-left\" data-align=\"left\"><strong>Internetipaketid<\/strong><\/td><td class=\"has-text-align-center\" data-align=\"center\"><strong>SLA 0<\/strong><\/td><td class=\"has-text-align-center\" data-align=\"center\"><strong>SLA 1<\/strong><\/td><td class=\"has-text-align-center\" data-align=\"center\"><strong>SLA 2<\/strong><\/td><td class=\"has-text-align-center\" data-align=\"center\"><strong>SLA 3<\/strong><\/td><\/tr><tr><td class=\"has-text-align-left\" data-align=\"left\"><strong>Kiirus 20 Mbit\/s<\/strong><\/td><td class=\"has-text-align-center\" data-align=\"center\">+<\/td><td class=\"has-text-align-center\" data-align=\"center\">&#8211;<\/td><td class=\"has-text-align-center\" data-align=\"center\">&#8211;<\/td><td class=\"has-text-align-center\" data-align=\"center\">&#8211;<\/td><\/tr><tr><td class=\"has-text-align-left\" data-align=\"left\"><strong>Kiirus 50 Mbit\/s<\/strong><\/td><td class=\"has-text-align-center\" data-align=\"center\">+<\/td><td class=\"has-text-align-center\" data-align=\"center\">+<\/td><td class=\"has-text-align-center\" data-align=\"center\">+<\/td><td class=\"has-text-align-center\" data-align=\"center\">+<\/td><\/tr><tr><td class=\"has-text-align-left\" data-align=\"left\"><strong>Kiirus 100 Mbit\/s<\/strong><\/td><td class=\"has-text-align-center\" data-align=\"center\">+<\/td><td class=\"has-text-align-center\" data-align=\"center\">+<\/td><td class=\"has-text-align-center\" data-align=\"center\">+<\/td><td class=\"has-text-align-center\" data-align=\"center\">+<\/td><\/tr><tr><td class=\"has-text-align-left\" data-align=\"left\"><strong>Kiirus 250 Mbit\/s<\/strong><\/td><td class=\"has-text-align-center\" data-align=\"center\">+<\/td><td class=\"has-text-align-center\" data-align=\"center\">+<\/td><td class=\"has-text-align-center\" data-align=\"center\">+<\/td><td class=\"has-text-align-center\" data-align=\"center\">+<\/td><\/tr><tr><td class=\"has-text-align-left\" data-align=\"left\"><strong>Kiirus 500 Mbit\/s<\/strong><\/td><td class=\"has-text-align-center\" data-align=\"center\">+<\/td><td class=\"has-text-align-center\" data-align=\"center\">-*<\/td><td class=\"has-text-align-center\" data-align=\"center\">-*<\/td><td class=\"has-text-align-center\" data-align=\"center\">-*<\/td><\/tr><tr><td class=\"has-text-align-left\" data-align=\"left\"><strong>Kiirus 1 Gbit\/s<\/strong><\/td><td class=\"has-text-align-center\" data-align=\"center\">+<\/td><td class=\"has-text-align-center\" data-align=\"center\">&#8211;<\/td><td class=\"has-text-align-center\" data-align=\"center\">&#8211;<\/td><td class=\"has-text-align-center\" data-align=\"center\">&#8211;<\/td><\/tr><\/tbody><\/table><\/figure>\n\n\n\n<p>*Teenustasemed (SLA) paketile &#8220;Kiirus 500 Mbit\/s&#8221; on saadaval personaalse pakkumise alusel.<\/p>\n\n\n\n<p><em>SLA 1 \/ SLA 2 \/ SLA 3 minimaalne tellimuse kestus on 1 kalendrikuu.<\/em><\/p>\n\n\n\n<div style=\"height:40px\" aria-hidden=\"true\" class=\"wp-block-spacer\"><\/div>\n\n\n\n<p><strong>Teenustasemed (SLA)<\/strong><\/p>\n\n\n\n<p>Interneti paketis on <strong>teenustase SLA 0<\/strong>.<\/p>\n\n\n\n<p>K\u00f5rgemad teenustasemed <strong>SLA 1 \/ SLA 2 \/ SLA 3<\/strong> on saadaval lisatasu eest.<\/p>\n\n\n\n<figure class=\"wp-block-table is-style-stripes\"><table class=\"has-fixed-layout\"><tbody><tr><td class=\"has-text-align-center\" data-align=\"center\"><strong>Teenustase<\/strong><\/td><td class=\"has-text-align-center\" data-align=\"center\"><strong>T\u00f6\u00f6aeg<\/strong><\/td><td class=\"has-text-align-center\" data-align=\"center\"><strong>Intsidendi k\u00f5rvaldamise aeg tundides<\/strong><\/td><td class=\"has-text-align-center\" data-align=\"center\"><strong>Reageerimisaeg tundides<\/strong><\/td><td class=\"has-text-align-center\" data-align=\"center\"><strong>Hind KM-ta<\/strong><\/td><td class=\"has-text-align-center\" data-align=\"center\"><strong>Hind KM-ga<\/strong><\/td><\/tr><tr><td class=\"has-text-align-center\" data-align=\"center\"><strong>SLA 0<\/strong><\/td><td class=\"has-text-align-center\" data-align=\"center\">T\u00f6\u00f6p\u00e4evadel 8 -17<\/td><td class=\"has-text-align-center\" data-align=\"center\">16<\/td><td class=\"has-text-align-center\" data-align=\"center\">2<\/td><td class=\"has-text-align-center\" data-align=\"center\">&#8211;<\/td><td class=\"has-text-align-center\" data-align=\"center\">&#8211;<\/td><\/tr><tr><td class=\"has-text-align-center\" data-align=\"center\"><strong>SLA 1<\/strong><\/td><td class=\"has-text-align-center\" data-align=\"center\">T\u00f6\u00f6p\u00e4evadel 8-17<\/td><td class=\"has-text-align-center\" data-align=\"center\">8<\/td><td class=\"has-text-align-center\" data-align=\"center\">2<\/td><td class=\"has-text-align-center\" data-align=\"center\">19 eurot\/kuus <\/td><td class=\"has-text-align-center\" data-align=\"center\">23.56 eurot\/kuus<\/td><\/tr><tr><td class=\"has-text-align-center\" data-align=\"center\"><strong>SLA 2<\/strong><\/td><td class=\"has-text-align-center\" data-align=\"center\">T\u00f6\u00f6p\u00e4evadel ja laup\u00e4evadel 8-20<\/td><td class=\"has-text-align-center\" data-align=\"center\">6<\/td><td class=\"has-text-align-center\" data-align=\"center\">2<\/td><td class=\"has-text-align-center\" data-align=\"center\">45 eurot\/kuus <\/td><td class=\"has-text-align-center\" data-align=\"center\">55.80 eurot\/kuus<\/td><\/tr><tr><td class=\"has-text-align-center\" data-align=\"center\"><strong>SLA 3<\/strong><\/td><td class=\"has-text-align-center\" data-align=\"center\">T\u00f6\u00f6p\u00e4evadel ja laup\u00e4evadel 8-20<\/td><td class=\"has-text-align-center\" data-align=\"center\">4<\/td><td class=\"has-text-align-center\" data-align=\"center\">2<\/td><td class=\"has-text-align-center\" data-align=\"center\">60 eurot\/kuus <\/td><td class=\"has-text-align-center\" data-align=\"center\">74.40 eurot\/kuus<\/td><\/tr><\/tbody><\/table><\/figure>\n\n\n\n<h3 class=\"wp-block-heading\" id=\"h-\"><\/h3>\n\n\n\n<p>Interneti teenuse ja SLA teenustasemete kohta leiate rohkem teavet j\u00e4rgmiselt lingilt: <a href=\"https:\/\/stv.ee\/ariklient\/internetiteenuse-tingimused\/\" target=\"_blank\" rel=\"noreferrer noopener\">https:\/\/stv.ee\/ariklient\/internetiteenuse-tingimused\/<\/a><\/p>\n\n\n\n<p><\/p>\n","protected":false},"excerpt":{"rendered":"<p>Interneti paketiga liitudes saate valida endale sobiva teenustaseme (SLA). Teie valik v\u00f5imaldab kiiremat ja prioriteetset teenindust. S\u00f5ltuvalt valitud paketist saate m\u00e4\u00e4rata sobiva SLA taseme: Internetipaketid SLA 0 SLA 1 SLA 2 SLA 3 Kiirus 20 Mbit\/s + &#8211; &#8211; &#8211; Kiirus 50 Mbit\/s + + + + Kiirus 100 Mbit\/s + + + + Kiirus [&hellip;]<\/p>\n","protected":false},"author":5,"featured_media":0,"parent":0,"menu_order":0,"comment_status":"closed","ping_status":"closed","template":"","meta":{"_acf_changed":false,"_mi_skip_tracking":false,"_monsterinsights_sitenote_active":false,"_monsterinsights_sitenote_note":"","_monsterinsights_sitenote_category":0,"footnotes":""},"class_list":["post-2106","page","type-page","status-publish","hentry"],"acf":[],"yoast_head":"<!-- This site is optimized with the Yoast SEO Premium plugin v26.8 (Yoast SEO v27.5) - https:\/\/yoast.com\/product\/yoast-seo-premium-wordpress\/ -->\n<title>Teenustase SLA - \u00c4riklient<\/title>\n<meta name=\"robots\" content=\"index, follow, max-snippet:-1, max-image-preview:large, max-video-preview:-1\" \/>\n<link rel=\"canonical\" href=\"https:\/\/stv.ee\/ariklient\/teenustase-sla\/\" \/>\n<meta property=\"og:locale\" content=\"et_EE\" \/>\n<meta property=\"og:type\" content=\"article\" \/>\n<meta property=\"og:title\" content=\"Teenustase SLA - \u00c4riklient\" \/>\n<meta property=\"og:description\" content=\"Interneti paketiga liitudes saate valida endale sobiva teenustaseme (SLA). Teie valik v\u00f5imaldab kiiremat ja prioriteetset teenindust. S\u00f5ltuvalt valitud paketist saate m\u00e4\u00e4rata sobiva SLA taseme: Internetipaketid SLA 0 SLA 1 SLA 2 SLA 3 Kiirus 20 Mbit\/s + &#8211; &#8211; &#8211; Kiirus 50 Mbit\/s + + + + Kiirus 100 Mbit\/s + + + + Kiirus [&hellip;]\" \/>\n<meta property=\"og:url\" content=\"https:\/\/stv.ee\/ariklient\/teenustase-sla\/\" \/>\n<meta property=\"og:site_name\" content=\"\u00c4riklient\" \/>\n<meta property=\"article:modified_time\" content=\"2026-05-05T12:38:24+00:00\" \/>\n<meta name=\"twitter:card\" content=\"summary_large_image\" \/>\n<meta name=\"twitter:label1\" content=\"Est. reading time\" \/>\n\t<meta name=\"twitter:data1\" content=\"1 minut\" \/>\n<script type=\"application\/ld+json\" class=\"yoast-schema-graph\">{\"@context\":\"https:\\\/\\\/schema.org\",\"@graph\":[{\"@type\":\"WebPage\",\"@id\":\"https:\\\/\\\/stv.ee\\\/ariklient\\\/teenustase-sla\\\/\",\"url\":\"https:\\\/\\\/stv.ee\\\/ariklient\\\/teenustase-sla\\\/\",\"name\":\"Teenustase SLA - \u00c4riklient\",\"isPartOf\":{\"@id\":\"https:\\\/\\\/stv.ee\\\/ariklient\\\/#website\"},\"datePublished\":\"2025-09-11T08:07:54+00:00\",\"dateModified\":\"2026-05-05T12:38:24+00:00\",\"inLanguage\":\"et\",\"potentialAction\":[{\"@type\":\"ReadAction\",\"target\":[\"https:\\\/\\\/stv.ee\\\/ariklient\\\/teenustase-sla\\\/\"]}]},{\"@type\":\"WebSite\",\"@id\":\"https:\\\/\\\/stv.ee\\\/ariklient\\\/#website\",\"url\":\"https:\\\/\\\/stv.ee\\\/ariklient\\\/\",\"name\":\"\u00c4riklient\",\"description\":\"\",\"potentialAction\":[{\"@type\":\"SearchAction\",\"target\":{\"@type\":\"EntryPoint\",\"urlTemplate\":\"https:\\\/\\\/stv.ee\\\/ariklient\\\/?s={search_term_string}\"},\"query-input\":{\"@type\":\"PropertyValueSpecification\",\"valueRequired\":true,\"valueName\":\"search_term_string\"}}],\"inLanguage\":\"et\"}]}<\/script>\n<!-- \/ Yoast SEO Premium plugin. -->","yoast_head_json":{"title":"Teenustase SLA - \u00c4riklient","robots":{"index":"index","follow":"follow","max-snippet":"max-snippet:-1","max-image-preview":"max-image-preview:large","max-video-preview":"max-video-preview:-1"},"canonical":"https:\/\/stv.ee\/ariklient\/teenustase-sla\/","og_locale":"et_EE","og_type":"article","og_title":"Teenustase SLA - \u00c4riklient","og_description":"Interneti paketiga liitudes saate valida endale sobiva teenustaseme (SLA). Teie valik v\u00f5imaldab kiiremat ja prioriteetset teenindust. S\u00f5ltuvalt valitud paketist saate m\u00e4\u00e4rata sobiva SLA taseme: Internetipaketid SLA 0 SLA 1 SLA 2 SLA 3 Kiirus 20 Mbit\/s + &#8211; &#8211; &#8211; Kiirus 50 Mbit\/s + + + + Kiirus 100 Mbit\/s + + + + Kiirus [&hellip;]","og_url":"https:\/\/stv.ee\/ariklient\/teenustase-sla\/","og_site_name":"\u00c4riklient","article_modified_time":"2026-05-05T12:38:24+00:00","twitter_card":"summary_large_image","twitter_misc":{"Est. reading time":"1 minut"},"schema":{"@context":"https:\/\/schema.org","@graph":[{"@type":"WebPage","@id":"https:\/\/stv.ee\/ariklient\/teenustase-sla\/","url":"https:\/\/stv.ee\/ariklient\/teenustase-sla\/","name":"Teenustase SLA - \u00c4riklient","isPartOf":{"@id":"https:\/\/stv.ee\/ariklient\/#website"},"datePublished":"2025-09-11T08:07:54+00:00","dateModified":"2026-05-05T12:38:24+00:00","inLanguage":"et","potentialAction":[{"@type":"ReadAction","target":["https:\/\/stv.ee\/ariklient\/teenustase-sla\/"]}]},{"@type":"WebSite","@id":"https:\/\/stv.ee\/ariklient\/#website","url":"https:\/\/stv.ee\/ariklient\/","name":"\u00c4riklient","description":"","potentialAction":[{"@type":"SearchAction","target":{"@type":"EntryPoint","urlTemplate":"https:\/\/stv.ee\/ariklient\/?s={search_term_string}"},"query-input":{"@type":"PropertyValueSpecification","valueRequired":true,"valueName":"search_term_string"}}],"inLanguage":"et"}]}},"_links":{"self":[{"href":"https:\/\/stv.ee\/ariklient\/wp-json\/wp\/v2\/pages\/2106","targetHints":{"allow":["GET"]}}],"collection":[{"href":"https:\/\/stv.ee\/ariklient\/wp-json\/wp\/v2\/pages"}],"about":[{"href":"https:\/\/stv.ee\/ariklient\/wp-json\/wp\/v2\/types\/page"}],"author":[{"embeddable":true,"href":"https:\/\/stv.ee\/ariklient\/wp-json\/wp\/v2\/users\/5"}],"replies":[{"embeddable":true,"href":"https:\/\/stv.ee\/ariklient\/wp-json\/wp\/v2\/comments?post=2106"}],"version-history":[{"count":21,"href":"https:\/\/stv.ee\/ariklient\/wp-json\/wp\/v2\/pages\/2106\/revisions"}],"predecessor-version":[{"id":3004,"href":"https:\/\/stv.ee\/ariklient\/wp-json\/wp\/v2\/pages\/2106\/revisions\/3004"}],"wp:attachment":[{"href":"https:\/\/stv.ee\/ariklient\/wp-json\/wp\/v2\/media?parent=2106"}],"curies":[{"name":"wp","href":"https:\/\/api.w.org\/{rel}","templated":true}]}}