{"id":640,"date":"2024-07-24T13:56:40","date_gmt":"2024-07-24T13:56:40","guid":{"rendered":"https:\/\/stv.ee\/ariklient\/?page_id=640"},"modified":"2025-12-15T11:13:34","modified_gmt":"2025-12-15T09:13:34","slug":"videojalgimine_tellimine","status":"publish","type":"page","link":"https:\/\/stv.ee\/ariklient\/videojalgimine_tellimine\/","title":{"rendered":"Videoj\u00e4lgimine &#8211; telli"},"content":{"rendered":"\n<div style=\"height:20px\" aria-hidden=\"true\" class=\"wp-block-spacer\"><\/div>\n\n\n\n<p><strong>STV Videoj\u00e4lgimine\u00a0on Teie meelerahu ja turvalisus.<\/strong><\/p>\n\n\n\n<p>Meie kasutame ainult kaasaegseid ja t\u00f6\u00f6kindlaid seadmeid, mis salvestavad oma n\u00e4htavuse tsoonis toimuvat, aga Teil on \u00f6\u00f6p\u00e4evaringne juurdep\u00e4\u00e4s salvestustele.<\/p>\n\n\n\n<p>STV Videoj\u00e4lgimine tagab nii majade, korterite, \u00e4ripindade, kui ka parklate ja muude avalike kohtade kontrolli ja turvalisuse.<\/p>\n\n\n\n<div style=\"height:20px\" aria-hidden=\"true\" class=\"wp-block-spacer\"><\/div>\n\n\n<script>\nvar gform;gform||(document.addEventListener(\"gform_main_scripts_loaded\",function(){gform.scriptsLoaded=!0}),document.addEventListener(\"gform\/theme\/scripts_loaded\",function(){gform.themeScriptsLoaded=!0}),window.addEventListener(\"DOMContentLoaded\",function(){gform.domLoaded=!0}),gform={domLoaded:!1,scriptsLoaded:!1,themeScriptsLoaded:!1,isFormEditor:()=>\"function\"==typeof InitializeEditor,callIfLoaded:function(o){return!(!gform.domLoaded||!gform.scriptsLoaded||!gform.themeScriptsLoaded&&!gform.isFormEditor()||(gform.isFormEditor()&&console.warn(\"The use of gform.initializeOnLoaded() is deprecated in the form editor context and will be removed in Gravity Forms 3.1.\"),o(),0))},initializeOnLoaded:function(o){gform.callIfLoaded(o)||(document.addEventListener(\"gform_main_scripts_loaded\",()=>{gform.scriptsLoaded=!0,gform.callIfLoaded(o)}),document.addEventListener(\"gform\/theme\/scripts_loaded\",()=>{gform.themeScriptsLoaded=!0,gform.callIfLoaded(o)}),window.addEventListener(\"DOMContentLoaded\",()=>{gform.domLoaded=!0,gform.callIfLoaded(o)}))},hooks:{action:{},filter:{}},addAction:function(o,r,e,t){gform.addHook(\"action\",o,r,e,t)},addFilter:function(o,r,e,t){gform.addHook(\"filter\",o,r,e,t)},doAction:function(o){gform.doHook(\"action\",o,arguments)},applyFilters:function(o){return gform.doHook(\"filter\",o,arguments)},removeAction:function(o,r){gform.removeHook(\"action\",o,r)},removeFilter:function(o,r,e){gform.removeHook(\"filter\",o,r,e)},addHook:function(o,r,e,t,n){null==gform.hooks[o][r]&&(gform.hooks[o][r]=[]);var d=gform.hooks[o][r];null==n&&(n=r+\"_\"+d.length),gform.hooks[o][r].push({tag:n,callable:e,priority:t=null==t?10:t})},doHook:function(r,o,e){var t;if(e=Array.prototype.slice.call(e,1),null!=gform.hooks[r][o]&&((o=gform.hooks[r][o]).sort(function(o,r){return o.priority-r.priority}),o.forEach(function(o){\"function\"!=typeof(t=o.callable)&&(t=window[t]),\"action\"==r?t.apply(null,e):e[0]=t.apply(null,e)})),\"filter\"==r)return e[0]},removeHook:function(o,r,t,n){var e;null!=gform.hooks[o][r]&&(e=(e=gform.hooks[o][r]).filter(function(o,r,e){return!!(null!=n&&n!=o.tag||null!=t&&t!=o.priority)}),gform.hooks[o][r]=e)}});\n<\/script>\n\n                <div class='gf_browser_gecko gform_wrapper gform-theme gform-theme--foundation gform-theme--framework gform-theme--orbital' data-form-theme='orbital' data-form-index='0' id='gform_wrapper_8' ><style>#gform_wrapper_8[data-form-index=\"0\"].gform-theme,[data-parent-form=\"8_0\"]{--gf-color-primary: #204ce5;--gf-color-primary-rgb: 32, 76, 229;--gf-color-primary-contrast: #fff;--gf-color-primary-contrast-rgb: 255, 255, 255;--gf-color-primary-darker: #001AB3;--gf-color-primary-lighter: #527EFF;--gf-color-secondary: #fff;--gf-color-secondary-rgb: 255, 255, 255;--gf-color-secondary-contrast: #112337;--gf-color-secondary-contrast-rgb: 17, 35, 55;--gf-color-secondary-darker: #F5F5F5;--gf-color-secondary-lighter: #FFFFFF;--gf-color-out-ctrl-light: rgba(17, 35, 55, 0.1);--gf-color-out-ctrl-light-rgb: 17, 35, 55;--gf-color-out-ctrl-light-darker: rgba(104, 110, 119, 0.35);--gf-color-out-ctrl-light-lighter: #F5F5F5;--gf-color-out-ctrl-dark: #585e6a;--gf-color-out-ctrl-dark-rgb: 88, 94, 106;--gf-color-out-ctrl-dark-darker: #112337;--gf-color-out-ctrl-dark-lighter: rgba(17, 35, 55, 0.65);--gf-color-in-ctrl: #fff;--gf-color-in-ctrl-rgb: 255, 255, 255;--gf-color-in-ctrl-contrast: #112337;--gf-color-in-ctrl-contrast-rgb: 17, 35, 55;--gf-color-in-ctrl-darker: #F5F5F5;--gf-color-in-ctrl-lighter: #FFFFFF;--gf-color-in-ctrl-primary: #204ce5;--gf-color-in-ctrl-primary-rgb: 32, 76, 229;--gf-color-in-ctrl-primary-contrast: #fff;--gf-color-in-ctrl-primary-contrast-rgb: 255, 255, 255;--gf-color-in-ctrl-primary-darker: #001AB3;--gf-color-in-ctrl-primary-lighter: #527EFF;--gf-color-in-ctrl-light: rgba(17, 35, 55, 0.1);--gf-color-in-ctrl-light-rgb: 17, 35, 55;--gf-color-in-ctrl-light-darker: rgba(104, 110, 119, 0.35);--gf-color-in-ctrl-light-lighter: #F5F5F5;--gf-color-in-ctrl-dark: #585e6a;--gf-color-in-ctrl-dark-rgb: 88, 94, 106;--gf-color-in-ctrl-dark-darker: #112337;--gf-color-in-ctrl-dark-lighter: rgba(17, 35, 55, 0.65);--gf-radius: 3px;--gf-font-size-secondary: 14px;--gf-font-size-tertiary: 13px;--gf-icon-ctrl-number: url(\"data:image\/svg+xml,%3Csvg width='8' height='14' viewBox='0 0 8 14' fill='none' xmlns='http:\/\/www.w3.org\/2000\/svg'%3E%3Cpath fill-rule='evenodd' clip-rule='evenodd' d='M4 0C4.26522 5.96046e-08 4.51957 0.105357 4.70711 0.292893L7.70711 3.29289C8.09763 3.68342 8.09763 4.31658 7.70711 4.70711C7.31658 5.09763 6.68342 5.09763 6.29289 4.70711L4 2.41421L1.70711 4.70711C1.31658 5.09763 0.683417 5.09763 0.292893 4.70711C-0.0976311 4.31658 -0.097631 3.68342 0.292893 3.29289L3.29289 0.292893C3.48043 0.105357 3.73478 0 4 0ZM0.292893 9.29289C0.683417 8.90237 1.31658 8.90237 1.70711 9.29289L4 11.5858L6.29289 9.29289C6.68342 8.90237 7.31658 8.90237 7.70711 9.29289C8.09763 9.68342 8.09763 10.3166 7.70711 10.7071L4.70711 13.7071C4.31658 14.0976 3.68342 14.0976 3.29289 13.7071L0.292893 10.7071C-0.0976311 10.3166 -0.0976311 9.68342 0.292893 9.29289Z' fill='rgba(17, 35, 55, 0.65)'\/%3E%3C\/svg%3E\");--gf-icon-ctrl-select: url(\"data:image\/svg+xml,%3Csvg width='10' height='6' viewBox='0 0 10 6' fill='none' xmlns='http:\/\/www.w3.org\/2000\/svg'%3E%3Cpath fill-rule='evenodd' clip-rule='evenodd' d='M0.292893 0.292893C0.683417 -0.097631 1.31658 -0.097631 1.70711 0.292893L5 3.58579L8.29289 0.292893C8.68342 -0.0976311 9.31658 -0.0976311 9.70711 0.292893C10.0976 0.683417 10.0976 1.31658 9.70711 1.70711L5.70711 5.70711C5.31658 6.09763 4.68342 6.09763 4.29289 5.70711L0.292893 1.70711C-0.0976311 1.31658 -0.0976311 0.683418 0.292893 0.292893Z' fill='rgba(17, 35, 55, 0.65)'\/%3E%3C\/svg%3E\");--gf-icon-ctrl-search: url(\"data:image\/svg+xml,%3Csvg width='640' height='640' xmlns='http:\/\/www.w3.org\/2000\/svg'%3E%3Cpath d='M256 128c-70.692 0-128 57.308-128 128 0 70.691 57.308 128 128 128 70.691 0 128-57.309 128-128 0-70.692-57.309-128-128-128zM64 256c0-106.039 85.961-192 192-192s192 85.961 192 192c0 41.466-13.146 79.863-35.498 111.248l154.125 154.125c12.496 12.496 12.496 32.758 0 45.254s-32.758 12.496-45.254 0L367.248 412.502C335.862 434.854 297.467 448 256 448c-106.039 0-192-85.962-192-192z' fill='rgba(17, 35, 55, 0.65)'\/%3E%3C\/svg%3E\");--gf-label-space-y-secondary: var(--gf-label-space-y-md-secondary);--gf-ctrl-border-color: #686e77;--gf-ctrl-size: var(--gf-ctrl-size-md);--gf-ctrl-label-color-primary: #112337;--gf-ctrl-label-color-secondary: #112337;--gf-ctrl-choice-size: var(--gf-ctrl-choice-size-md);--gf-ctrl-checkbox-check-size: var(--gf-ctrl-checkbox-check-size-md);--gf-ctrl-radio-check-size: var(--gf-ctrl-radio-check-size-md);--gf-ctrl-btn-font-size: var(--gf-ctrl-btn-font-size-md);--gf-ctrl-btn-padding-x: var(--gf-ctrl-btn-padding-x-md);--gf-ctrl-btn-size: var(--gf-ctrl-btn-size-md);--gf-ctrl-btn-border-color-secondary: #686e77;--gf-ctrl-file-btn-bg-color-hover: #EBEBEB;--gf-field-img-choice-size: var(--gf-field-img-choice-size-md);--gf-field-img-choice-card-space: var(--gf-field-img-choice-card-space-md);--gf-field-img-choice-check-ind-size: var(--gf-field-img-choice-check-ind-size-md);--gf-field-img-choice-check-ind-icon-size: var(--gf-field-img-choice-check-ind-icon-size-md);--gf-field-pg-steps-number-color: rgba(17, 35, 55, 0.8);}<\/style>\n                        <div class='gform_heading'>\n                            <h2 class=\"gform_title\">Videoj\u00e4lgimine - tellimine<\/h2>\n                            <p class='gform_description'><\/p>\n                        <\/div><form method='post' enctype='multipart\/form-data'  id='gform_8'  action='\/ariklient\/wp-json\/wp\/v2\/pages\/640' data-formid='8' novalidate>\n                        <div class='gform-body gform_body'><div id='gform_fields_8' class='gform_fields top_label form_sublabel_above description_above validation_below'><fieldset id=\"field_8_1\" class=\"gfield gfield--type-name gfield--input-type-name gfield_contains_required field_sublabel_above gfield--no-description field_description_above field_validation_below gfield_visibility_visible\"  ><legend class='gfield_label gform-field-label gfield_label_before_complex' >Tellimusvorm<span class=\"gfield_required\"><span class=\"gfield_required gfield_required_text\">(Kohustuslik)<\/span><\/span><\/legend><div class='ginput_complex ginput_container ginput_container--name no_prefix has_first_name no_middle_name has_last_name no_suffix gf_name_has_2 ginput_container_name gform-grid-row' id='input_8_1'>\n                            \n                            <span id='input_8_1_3_container' class='name_first gform-grid-col gform-grid-col--size-auto' >\n                                                    <label for='input_8_1_3' class='gform-field-label gform-field-label--type-sub '>Firma<\/label>\n                                                    <input type='text' name='input_1.3' id='input_8_1_3' value=''   aria-required='true'    autocomplete=\"given-name\" \/>\n                                                <\/span>\n                            \n                            <span id='input_8_1_6_container' class='name_last gform-grid-col gform-grid-col--size-auto' >\n                                                            <label for='input_8_1_6' class='gform-field-label gform-field-label--type-sub '>Kontaktisik<\/label>\n                                                            <input type='text' name='input_1.6' id='input_8_1_6' value=''   aria-required='true'    autocomplete=\"family-name\" \/>\n                                                        <\/span>\n                            \n                        <\/div><\/fieldset><div id=\"field_8_9\" class=\"gfield gfield--type-number gfield--input-type-number gfield--width-full gfield_contains_required field_sublabel_above gfield--no-description field_description_above field_validation_below gfield_visibility_visible\"  ><label class='gfield_label gform-field-label' for='input_8_9'>Registrikood<span class=\"gfield_required\"><span class=\"gfield_required gfield_required_text\">(Kohustuslik)<\/span><\/span><\/label><div class='ginput_container ginput_container_number'><input name='input_9' id='input_8_9' type='number' step='any'   value='' class='large'     aria-required=\"true\" aria-invalid=\"false\"  \/><\/div><\/div><fieldset id=\"field_8_10\" class=\"gfield gfield--type-address gfield--input-type-address gfield--width-full gfield_contains_required field_sublabel_above gfield--no-description field_description_above field_validation_below gfield_visibility_visible\"  ><legend class='gfield_label gform-field-label gfield_label_before_complex' >Aaddress<span class=\"gfield_required\"><span class=\"gfield_required gfield_required_text\">(Kohustuslik)<\/span><\/span><\/legend>    \n                    <div class='ginput_complex ginput_container has_street ginput_container_address gform-grid-row' id='input_8_10' >\n                         <span class='ginput_full address_line_1 ginput_address_line_1 gform-grid-col' id='input_8_10_1_container' >\n                                        <label for='input_8_10_1' id='input_8_10_1_label' class='gform-field-label gform-field-label--type-sub '>Teenuse tarbimiskoht<\/label>\n                                        <input type='text' name='input_10.1' id='input_8_10_1' value=''    aria-required='true'    \/>\n                                   <\/span><input type='hidden' class='gform_hidden' name='input_10.4' id='input_8_10_4' value=''\/><input type='hidden' class='gform_hidden' name='input_10.6' id='input_8_10_6' value='' \/>\n                    <div class='gf_clear gf_clear_complex'><\/div>\n                <\/div><\/fieldset><div id=\"field_8_2\" class=\"gfield gfield--type-email gfield--input-type-email field_sublabel_above gfield--no-description field_description_above field_validation_below gfield_visibility_visible\"  ><label class='gfield_label gform-field-label' for='input_8_2'>E-post<\/label><div class='ginput_container ginput_container_email'>\n                            <input name='input_2' id='input_8_2' type='email' value='' class='large'     aria-invalid=\"false\"  \/>\n                        <\/div><\/div><div id=\"field_8_11\" class=\"gfield gfield--type-phone gfield--input-type-phone gfield--width-full gfield_contains_required field_sublabel_above gfield--no-description field_description_above field_validation_below gfield_visibility_visible\"  ><label class='gfield_label gform-field-label' for='input_8_11'>Kontakttelefon<span class=\"gfield_required\"><span class=\"gfield_required gfield_required_text\">(Kohustuslik)<\/span><\/span><\/label><div class='ginput_container ginput_container_phone'><input name='input_11' id='input_8_11' type='tel' value='' class='large'   aria-required=\"true\" aria-invalid=\"false\"   \/><\/div><\/div><div id=\"field_8_3\" class=\"gfield gfield--type-textarea gfield--input-type-textarea gfield--width-full field_sublabel_above gfield--has-description field_description_above field_validation_below gfield_visibility_visible\"  ><label class='gfield_label gform-field-label' for='input_8_3'>M\u00e4rkused<\/label><div class='gfield_description' id='gfield_description_8_3'>Lisainfo<\/div><div class='ginput_container ginput_container_textarea'><textarea name='input_3' id='input_8_3' class='textarea medium'  aria-describedby=\"gfield_description_8_3\" maxlength='600'   aria-invalid=\"false\"   rows='10' cols='50'><\/textarea><\/div><\/div><\/div><\/div>\n        <div class='gform-footer gform_footer top_label'> <input type='submit' id='gform_submit_button_8' class='gform_button button' onclick='gform.submission.handleButtonClick(this);' data-submission-type='submit' value='Saada'  \/> \n            <input type='hidden' class='gform_hidden' name='gform_submission_method' data-js='gform_submission_method_8' value='postback' \/>\n            <input type='hidden' class='gform_hidden' name='gform_theme' data-js='gform_theme_8' id='gform_theme_8' value='orbital' \/>\n            <input type='hidden' class='gform_hidden' name='gform_style_settings' data-js='gform_style_settings_8' id='gform_style_settings_8' value='[]' \/>\n            <input type='hidden' class='gform_hidden' name='is_submit_8' value='1' \/>\n            <input type='hidden' class='gform_hidden' name='gform_submit' value='8' \/>\n            \n            <input type='hidden' class='gform_hidden' name='gform_currency' data-currency='USD' value='nJ5cL9v684kKdLUN0jaz2Guq3gaDgPdKcguohgxCf2iXk8tX9vlucs4tBWq\/hmAhfbxWS0DovysI+aQ7jehQ3ao4gjDdb9O6fp2VM7GdlaRi4q4=' \/>\n            <input type='hidden' class='gform_hidden' name='gform_unique_id' value='' \/>\n            <input type='hidden' class='gform_hidden' name='state_8' value='WyJbXSIsIjUzNzdlN2ZmYzRmZWEwN2EwNjQzMDU3NjYwY2NkNWM0Il0=' \/>\n            <input type='hidden' autocomplete='off' class='gform_hidden' name='gform_target_page_number_8' id='gform_target_page_number_8' value='0' \/>\n            <input type='hidden' autocomplete='off' class='gform_hidden' name='gform_source_page_number_8' id='gform_source_page_number_8' value='1' \/>\n            <input type='hidden' name='gform_field_values' value='' \/>\n            \n        <\/div>\n                        <\/form>\n                        <\/div><script>\ngform.initializeOnLoaded( function() {gformInitSpinner( 8, 'https:\/\/stv.ee\/ariklient\/wp-content\/plugins\/gravityforms\/images\/spinner.svg', false );jQuery('#gform_ajax_frame_8').on('load',function(){var contents = jQuery(this).contents().find('*').html();var is_postback = contents.indexOf('GF_AJAX_POSTBACK') >= 0;if(!is_postback){return;}var form_content = jQuery(this).contents().find('#gform_wrapper_8');var is_confirmation = jQuery(this).contents().find('#gform_confirmation_wrapper_8').length > 0;var is_redirect = contents.indexOf('gformRedirect(){') >= 0;var is_form = form_content.length > 0 && ! is_redirect && ! is_confirmation;var mt = parseInt(jQuery('html').css('margin-top'), 10) + parseInt(jQuery('body').css('margin-top'), 10) + 100;if(is_form){jQuery('#gform_wrapper_8').html(form_content.html());if(form_content.hasClass('gform_validation_error')){jQuery('#gform_wrapper_8').addClass('gform_validation_error');} else {jQuery('#gform_wrapper_8').removeClass('gform_validation_error');}setTimeout( function() { \/* delay the scroll by 50 milliseconds to fix a bug in chrome *\/  }, 50 );if(window['gformInitDatepicker']) {gformInitDatepicker();}if(window['gformInitPriceFields']) {gformInitPriceFields();}var current_page = jQuery('#gform_source_page_number_8').val();gformInitSpinner( 8, 'https:\/\/stv.ee\/ariklient\/wp-content\/plugins\/gravityforms\/images\/spinner.svg', false );jQuery(document).trigger('gform_page_loaded', [8, current_page]);window['gf_submitting_8'] = false;}else if(!is_redirect){var confirmation_content = jQuery(this).contents().find('.GF_AJAX_POSTBACK').html();if(!confirmation_content){confirmation_content = contents;}jQuery('#gform_wrapper_8').replaceWith(confirmation_content);jQuery(document).trigger('gform_confirmation_loaded', [8]);window['gf_submitting_8'] = false;wp.a11y.speak(jQuery('#gform_confirmation_message_8').text());}else{jQuery('#gform_8').append(contents);if(window['gformRedirect']) {gformRedirect();}}jQuery(document).trigger(\"gform_pre_post_render\", [{ formId: \"8\", currentPage: \"current_page\", abort: function() { this.preventDefault(); } }]);        if (event && event.defaultPrevented) {                return;        }        const gformWrapperDiv = document.getElementById( \"gform_wrapper_8\" );        if ( gformWrapperDiv ) {            const visibilitySpan = document.createElement( \"span\" );            visibilitySpan.id = \"gform_visibility_test_8\";            gformWrapperDiv.insertAdjacentElement( \"afterend\", visibilitySpan );        }        const visibilityTestDiv = document.getElementById( \"gform_visibility_test_8\" );        let postRenderFired = false;        function triggerPostRender() {            if ( postRenderFired ) {                return;            }            postRenderFired = true;            gform.core.triggerPostRenderEvents( 8, current_page );            if ( visibilityTestDiv ) {                visibilityTestDiv.parentNode.removeChild( visibilityTestDiv );            }        }        function debounce( func, wait, immediate ) {            var timeout;            return function() {                var context = this, args = arguments;                var later = function() {                    timeout = null;                    if ( !immediate ) func.apply( context, args );                };                var callNow = immediate && !timeout;                clearTimeout( timeout );                timeout = setTimeout( later, wait );                if ( callNow ) func.apply( context, args );            };        }        const debouncedTriggerPostRender = debounce( function() {            triggerPostRender();        }, 200 );        if ( visibilityTestDiv && visibilityTestDiv.offsetParent === null ) {            const observer = new MutationObserver( ( mutations ) => {                mutations.forEach( ( mutation ) => {                    if ( mutation.type === 'attributes' && visibilityTestDiv.offsetParent !== null ) {                        debouncedTriggerPostRender();                        observer.disconnect();                    }                });            });            observer.observe( document.body, {                attributes: true,                childList: false,                subtree: true,                attributeFilter: [ 'style', 'class' ],            });        } else {            triggerPostRender();        }    } );} );\n<\/script>\n\n\n\n<p><\/p>\n\n\n\n<p><\/p>\n","protected":false},"excerpt":{"rendered":"<p>STV Videoj\u00e4lgimine\u00a0on Teie meelerahu ja turvalisus. Meie kasutame ainult kaasaegseid ja t\u00f6\u00f6kindlaid seadmeid, mis salvestavad oma n\u00e4htavuse tsoonis toimuvat, aga Teil on \u00f6\u00f6p\u00e4evaringne juurdep\u00e4\u00e4s salvestustele. STV Videoj\u00e4lgimine tagab nii majade, korterite, \u00e4ripindade, kui ka parklate ja muude avalike kohtade kontrolli ja turvalisuse.<\/p>\n","protected":false},"author":5,"featured_media":0,"parent":0,"menu_order":0,"comment_status":"closed","ping_status":"closed","template":"","meta":{"_acf_changed":false,"_mi_skip_tracking":false,"_monsterinsights_sitenote_active":false,"_monsterinsights_sitenote_note":"","_monsterinsights_sitenote_category":0,"footnotes":""},"class_list":["post-640","page","type-page","status-publish","hentry"],"acf":[],"yoast_head":"<!-- This site is optimized with the Yoast SEO Premium plugin v26.8 (Yoast SEO v27.5) - https:\/\/yoast.com\/product\/yoast-seo-premium-wordpress\/ -->\n<title>Videoj\u00e4lgimine - telli - \u00c4riklient<\/title>\n<meta name=\"robots\" content=\"index, follow, max-snippet:-1, max-image-preview:large, max-video-preview:-1\" \/>\n<link rel=\"canonical\" href=\"https:\/\/stv.ee\/ariklient\/videojalgimine_tellimine\/\" \/>\n<meta property=\"og:locale\" content=\"et_EE\" \/>\n<meta property=\"og:type\" content=\"article\" \/>\n<meta property=\"og:title\" content=\"Videoj\u00e4lgimine - telli - \u00c4riklient\" \/>\n<meta property=\"og:description\" content=\"STV Videoj\u00e4lgimine\u00a0on Teie meelerahu ja turvalisus. Meie kasutame ainult kaasaegseid ja t\u00f6\u00f6kindlaid seadmeid, mis salvestavad oma n\u00e4htavuse tsoonis toimuvat, aga Teil on \u00f6\u00f6p\u00e4evaringne juurdep\u00e4\u00e4s salvestustele. STV Videoj\u00e4lgimine tagab nii majade, korterite, \u00e4ripindade, kui ka parklate ja muude avalike kohtade kontrolli ja turvalisuse.\" \/>\n<meta property=\"og:url\" content=\"https:\/\/stv.ee\/ariklient\/videojalgimine_tellimine\/\" \/>\n<meta property=\"og:site_name\" content=\"\u00c4riklient\" \/>\n<meta property=\"article:modified_time\" content=\"2025-12-15T09:13:34+00:00\" \/>\n<meta name=\"twitter:card\" content=\"summary_large_image\" \/>\n<meta name=\"twitter:label1\" content=\"Est. reading time\" \/>\n\t<meta name=\"twitter:data1\" content=\"1 minut\" \/>\n<script type=\"application\/ld+json\" class=\"yoast-schema-graph\">{\"@context\":\"https:\\\/\\\/schema.org\",\"@graph\":[{\"@type\":\"WebPage\",\"@id\":\"https:\\\/\\\/stv.ee\\\/ariklient\\\/videojalgimine_tellimine\\\/\",\"url\":\"https:\\\/\\\/stv.ee\\\/ariklient\\\/videojalgimine_tellimine\\\/\",\"name\":\"Videoj\u00e4lgimine - telli - \u00c4riklient\",\"isPartOf\":{\"@id\":\"https:\\\/\\\/stv.ee\\\/ariklient\\\/#website\"},\"datePublished\":\"2024-07-24T13:56:40+00:00\",\"dateModified\":\"2025-12-15T09:13:34+00:00\",\"inLanguage\":\"et\",\"potentialAction\":[{\"@type\":\"ReadAction\",\"target\":[\"https:\\\/\\\/stv.ee\\\/ariklient\\\/videojalgimine_tellimine\\\/\"]}]},{\"@type\":\"WebSite\",\"@id\":\"https:\\\/\\\/stv.ee\\\/ariklient\\\/#website\",\"url\":\"https:\\\/\\\/stv.ee\\\/ariklient\\\/\",\"name\":\"\u00c4riklient\",\"description\":\"\",\"potentialAction\":[{\"@type\":\"SearchAction\",\"target\":{\"@type\":\"EntryPoint\",\"urlTemplate\":\"https:\\\/\\\/stv.ee\\\/ariklient\\\/?s={search_term_string}\"},\"query-input\":{\"@type\":\"PropertyValueSpecification\",\"valueRequired\":true,\"valueName\":\"search_term_string\"}}],\"inLanguage\":\"et\"}]}<\/script>\n<!-- \/ Yoast SEO Premium plugin. -->","yoast_head_json":{"title":"Videoj\u00e4lgimine - telli - \u00c4riklient","robots":{"index":"index","follow":"follow","max-snippet":"max-snippet:-1","max-image-preview":"max-image-preview:large","max-video-preview":"max-video-preview:-1"},"canonical":"https:\/\/stv.ee\/ariklient\/videojalgimine_tellimine\/","og_locale":"et_EE","og_type":"article","og_title":"Videoj\u00e4lgimine - telli - \u00c4riklient","og_description":"STV Videoj\u00e4lgimine\u00a0on Teie meelerahu ja turvalisus. Meie kasutame ainult kaasaegseid ja t\u00f6\u00f6kindlaid seadmeid, mis salvestavad oma n\u00e4htavuse tsoonis toimuvat, aga Teil on \u00f6\u00f6p\u00e4evaringne juurdep\u00e4\u00e4s salvestustele. STV Videoj\u00e4lgimine tagab nii majade, korterite, \u00e4ripindade, kui ka parklate ja muude avalike kohtade kontrolli ja turvalisuse.","og_url":"https:\/\/stv.ee\/ariklient\/videojalgimine_tellimine\/","og_site_name":"\u00c4riklient","article_modified_time":"2025-12-15T09:13:34+00:00","twitter_card":"summary_large_image","twitter_misc":{"Est. reading time":"1 minut"},"schema":{"@context":"https:\/\/schema.org","@graph":[{"@type":"WebPage","@id":"https:\/\/stv.ee\/ariklient\/videojalgimine_tellimine\/","url":"https:\/\/stv.ee\/ariklient\/videojalgimine_tellimine\/","name":"Videoj\u00e4lgimine - telli - \u00c4riklient","isPartOf":{"@id":"https:\/\/stv.ee\/ariklient\/#website"},"datePublished":"2024-07-24T13:56:40+00:00","dateModified":"2025-12-15T09:13:34+00:00","inLanguage":"et","potentialAction":[{"@type":"ReadAction","target":["https:\/\/stv.ee\/ariklient\/videojalgimine_tellimine\/"]}]},{"@type":"WebSite","@id":"https:\/\/stv.ee\/ariklient\/#website","url":"https:\/\/stv.ee\/ariklient\/","name":"\u00c4riklient","description":"","potentialAction":[{"@type":"SearchAction","target":{"@type":"EntryPoint","urlTemplate":"https:\/\/stv.ee\/ariklient\/?s={search_term_string}"},"query-input":{"@type":"PropertyValueSpecification","valueRequired":true,"valueName":"search_term_string"}}],"inLanguage":"et"}]}},"_links":{"self":[{"href":"https:\/\/stv.ee\/ariklient\/wp-json\/wp\/v2\/pages\/640","targetHints":{"allow":["GET"]}}],"collection":[{"href":"https:\/\/stv.ee\/ariklient\/wp-json\/wp\/v2\/pages"}],"about":[{"href":"https:\/\/stv.ee\/ariklient\/wp-json\/wp\/v2\/types\/page"}],"author":[{"embeddable":true,"href":"https:\/\/stv.ee\/ariklient\/wp-json\/wp\/v2\/users\/5"}],"replies":[{"embeddable":true,"href":"https:\/\/stv.ee\/ariklient\/wp-json\/wp\/v2\/comments?post=640"}],"version-history":[{"count":10,"href":"https:\/\/stv.ee\/ariklient\/wp-json\/wp\/v2\/pages\/640\/revisions"}],"predecessor-version":[{"id":2521,"href":"https:\/\/stv.ee\/ariklient\/wp-json\/wp\/v2\/pages\/640\/revisions\/2521"}],"wp:attachment":[{"href":"https:\/\/stv.ee\/ariklient\/wp-json\/wp\/v2\/media?parent=640"}],"curies":[{"name":"wp","href":"https:\/\/api.w.org\/{rel}","templated":true}]}}